{"id":5562862,"date":"2023-06-23T14:48:16","date_gmt":"2023-06-23T11:48:16","guid":{"rendered":"http:\/\/www.rundamental.com\/?page_id=5562862"},"modified":"2023-06-23T15:01:20","modified_gmt":"2023-06-23T12:01:20","slug":"rdm-away-challenge-x-sennheiser","status":"publish","type":"page","link":"https:\/\/www.rundamental.com\/en\/rdm-away-challenge-x-sennheiser\/","title":{"rendered":""},"content":{"rendered":"\n<p>   <\/p>\n\n\n\n<p><enter><enter>  &nbsp;<\/enter><\/enter><\/p>\n\n\n\n<h1 class=\"wp-block-heading\">RDM AWAY CHALLENGE X SENNHEISER<\/h1>\n\n\n\n<figure class=\"wp-block-image size-large\"><img decoding=\"async\" src=\"https:\/\/www.rundamental.com\/wp-content\/uploads\/2023\/06\/son-rdmawaychallenge-1000x333.png\" \/><\/figure>\n\n\n\n<h2 class=\"wp-block-heading\">Challenge Kurallar\u0131<\/h2>\n\n\n\n<ol class=\"wp-block-list\">\n<li><a href=\"https:\/\/www.strava.com\/clubs\/rundamental\">RUNDAMENTAL Strava <\/a>sayfas\u0131na \u00fcye olmak.<\/li>\n\n\n\n<li>24-25-27-29\u00a0Haziran, 1-2 Temmuz tarihlerinde ko\u015fmak.<\/li>\n\n\n\n<li>Belirtilen tarihlerde her ko\u015fuda en az 6K mesafe olmak \u00fczere, 24 Haziran &#8211; 2 Temmuz tarihleri aras\u0131nda 60K tamamlam\u0131\u015f olmak.<\/li>\n\n\n\n<li>Her ko\u015fudan sonra, Instagram hikayelerden <a href=\"http:\/\/www.instagram.com\/rundamental\">@rundamental<\/a> <a href=\"http:\/\/www.instagram.com\/sennheiserturkiye\">@sennheiserturkiye<\/a> #RDMAWAY etiketleri ile hikaye payla\u015fmak.<\/li>\n\n\n\n<li>Kat\u0131lanlar\u0131n Instagram hesaplar\u0131 a\u00e7\u0131k olmal\u0131d\u0131r.<\/li>\n\n\n\n<li>Kazanan ki\u015fi 3 Temmuz Pazartesi ak\u015fam\u0131 \u00e7ekili\u015fle belirlenecektir.<\/li>\n\n\n\n<li>Kazanan 1 ki\u015fi Sennheiser Sport True Wireless kulakl\u0131k kazanacak.<\/li>\n<\/ol>\n","protected":false},"excerpt":{"rendered":"<p>&nbsp; RDM AWAY CHALLENGE X SENNHEISER Challenge Kurallar\u0131<\/p>\n","protected":false},"author":147,"featured_media":0,"parent":0,"menu_order":0,"comment_status":"closed","ping_status":"closed","template":"","meta":{"footnotes":""},"class_list":["post-5562862","page","type-page","status-publish","hentry","wp-sticky"],"_links":{"self":[{"href":"https:\/\/www.rundamental.com\/en\/wp-json\/wp\/v2\/pages\/5562862","targetHints":{"allow":["GET"]}}],"collection":[{"href":"https:\/\/www.rundamental.com\/en\/wp-json\/wp\/v2\/pages"}],"about":[{"href":"https:\/\/www.rundamental.com\/en\/wp-json\/wp\/v2\/types\/page"}],"author":[{"embeddable":true,"href":"https:\/\/www.rundamental.com\/en\/wp-json\/wp\/v2\/users\/147"}],"replies":[{"embeddable":true,"href":"https:\/\/www.rundamental.com\/en\/wp-json\/wp\/v2\/comments?post=5562862"}],"version-history":[{"count":10,"href":"https:\/\/www.rundamental.com\/en\/wp-json\/wp\/v2\/pages\/5562862\/revisions"}],"predecessor-version":[{"id":5562879,"href":"https:\/\/www.rundamental.com\/en\/wp-json\/wp\/v2\/pages\/5562862\/revisions\/5562879"}],"wp:attachment":[{"href":"https:\/\/www.rundamental.com\/en\/wp-json\/wp\/v2\/media?parent=5562862"}],"curies":[{"name":"wp","href":"https:\/\/api.w.org\/{rel}","templated":true}]}}