{"id":5558433,"date":"2022-11-28T10:31:40","date_gmt":"2022-11-28T07:31:40","guid":{"rendered":"http:\/\/www.rundamental.com\/?page_id=5558433"},"modified":"2024-08-30T20:23:40","modified_gmt":"2024-08-30T17:23:40","slug":"rdm-loyalty-sennheiser","status":"publish","type":"page","link":"https:\/\/www.rundamental.com\/en\/rdm-loyalty-shokz\/","title":{"rendered":""},"content":{"rendered":"\n<h2 class=\"wp-block-heading\">RDM LOYALTY X SENNHEISER<br>HD 350BT\u00a0HEADPHONE CHALLENGE<\/h2>\n\n\n\n<p><\/p>\n\n\n\n<figure class=\"wp-block-image size-large\"><img decoding=\"async\" src=\"https:\/\/www.rundamental.com\/wp-content\/uploads\/2023\/12\/RDM-LOYALTY-1000x333.jpg\" \/><\/figure>\n\n\n\n<ol class=\"wp-block-list\">\n<li>RDM LOYALTY X SENNHEISER&nbsp;HD 350BT&nbsp;Headphone Challenge herkese a\u00e7\u0131kt\u0131r.<\/li>\n\n\n\n<li>\u00a05-31\u00a0Aral\u0131k tarihleri aras\u0131ndaki RUNDAMENTAL etkinliklerine kat\u0131larak en y\u00fcksek puan\u0131 toplam\u0131\u015f olmak gerekmektedir.<\/li>\n\n\n\n<li>&nbsp;T\u00fcm etkinlikler web sitesinden ve sosyal medyadan duyurulacakt\u0131r.<\/li>\n\n\n\n<li>&nbsp;Challenge\u2019a kat\u0131lmak isteyenler mutlaka her antrenmana kay\u0131t olmal\u0131d\u0131r.<\/li>\n\n\n\n<li>&nbsp;Kat\u0131lan ki\u015filerin Instagram hesaplar\u0131n\u0131n kapal\u0131 hesap olmay\u0131p, a\u00e7\u0131k hesap olmas\u0131 gerekmektedir. Kapal\u0131 hesaplardan yap\u0131lan payla\u015f\u0131mlar&nbsp;takip edilemeyece\u011finden dolay\u0131&nbsp;kabul edilmeyecektir.<\/li>\n\n\n\n<li>&nbsp;Her etkinlik sonras\u0131 kat\u0131l\u0131m\u0131n\u0131z\u0131 kan\u0131tlamak i\u00e7in; etkinlikten bir foto\u011fraf\u0131 hikayenizde&nbsp;<a target=\"_blank\" href=\"https:\/\/rundamental.slack.com\/team\/U0L4A3AN5\" rel=\"noreferrer noopener\">@rundamental<\/a>&nbsp;@sennheiserturkiye ve #RDMLOYALTY etiketleri ile payla\u015fman\u0131z gerekmektedir.<\/li>\n\n\n\n<li>&nbsp;S\u0131ralama&nbsp;<a target=\"_blank\" href=\"http:\/\/www.rundamental.com\/\" rel=\"noreferrer noopener\">http:\/\/www.rundamental.com<\/a>&nbsp;Loyalty sayfas\u0131nda her etkinli\u011fin ertesi g\u00fcn\u00fc&nbsp;g\u00fcncellenecektir.<\/li>\n\n\n\n<li>&nbsp;Challenge sonunda birinci olarak kazanan ki\u015fiye SENNHEISER Sport True Wireless kulakl\u0131k hediye edilecektir.<\/li>\n\n\n\n<li>&nbsp;Challengeda birden fazla ki\u015finin birinci olmas\u0131 durumuna kar\u015f\u0131, RUNDAMENTAL sadece Instagram hesab\u0131nda hikayelerden duyuraca\u011f\u0131 UNEXPECTED ko\u015fu veya antrenmanlar d\u00fczenleyebilir.<\/li>\n\n\n\n<li>&nbsp;9. Maddeye ra\u011fmen puan e\u015fitli\u011fi olmas\u0131 durumunda kazanan ki\u015fi \u00e7ekili\u015fle belirlenecektir.<\/li>\n\n\n\n<li>&nbsp;Kat\u0131lanlara RUNDAMENTAL Instagram bildirimlerini a\u00e7malar\u0131n\u0131 ve payla\u015f\u0131mlar\u0131 ka\u00e7\u0131rmamalar\u0131n\u0131 tavsiye ederiz.<\/li>\n<\/ol>\n","protected":false},"excerpt":{"rendered":"<p>RDM LOYALTY X SENNHEISERHD 350BT\u00a0HEADPHONE CHALLENGE<\/p>\n","protected":false},"author":147,"featured_media":0,"parent":0,"menu_order":0,"comment_status":"closed","ping_status":"closed","template":"","meta":{"footnotes":""},"class_list":["post-5558433","page","type-page","status-publish","hentry","wp-sticky"],"_links":{"self":[{"href":"https:\/\/www.rundamental.com\/en\/wp-json\/wp\/v2\/pages\/5558433","targetHints":{"allow":["GET"]}}],"collection":[{"href":"https:\/\/www.rundamental.com\/en\/wp-json\/wp\/v2\/pages"}],"about":[{"href":"https:\/\/www.rundamental.com\/en\/wp-json\/wp\/v2\/types\/page"}],"author":[{"embeddable":true,"href":"https:\/\/www.rundamental.com\/en\/wp-json\/wp\/v2\/users\/147"}],"replies":[{"embeddable":true,"href":"https:\/\/www.rundamental.com\/en\/wp-json\/wp\/v2\/comments?post=5558433"}],"version-history":[{"count":6,"href":"https:\/\/www.rundamental.com\/en\/wp-json\/wp\/v2\/pages\/5558433\/revisions"}],"predecessor-version":[{"id":5565221,"href":"https:\/\/www.rundamental.com\/en\/wp-json\/wp\/v2\/pages\/5558433\/revisions\/5565221"}],"wp:attachment":[{"href":"https:\/\/www.rundamental.com\/en\/wp-json\/wp\/v2\/media?parent=5558433"}],"curies":[{"name":"wp","href":"https:\/\/api.w.org\/{rel}","templated":true}]}}