{"id":5555667,"date":"2022-07-04T16:38:46","date_gmt":"2022-07-04T13:38:46","guid":{"rendered":"https:\/\/rundamental.com\/?page_id=5555667"},"modified":"2022-07-04T18:05:37","modified_gmt":"2022-07-04T15:05:37","slug":"red-bull-challengers-sehreizinibirak-activated-10-days-challenge","status":"publish","type":"page","link":"https:\/\/www.rundamental.com\/en\/red-bull-challengers-sehreizinibirak-activated-10-days-challenge\/","title":{"rendered":"RED\u00a0BULL\u00a0CHALLENGERS #\u015eEHRE\u0130Z\u0130N\u0130BIRAK\u00a0ACTIVATED\u00a010\u00a0DAYS\u00a0CHALLENGE"},"content":{"rendered":"\n<figure class=\"wp-block-image size-large\"><img decoding=\"async\" src=\"https:\/\/rundamental.com\/wp-content\/uploads\/2022\/07\/Image-from-iOS-102-1000x333.jpg\" \/><\/figure>\n\n\n\n<ul class=\"wp-block-list\"><li>Bu challenge, en \u00e7ok kalori yakma hedefi \u00fczerine kurgulanm\u0131\u015ft\u0131r.<\/li><li>Bu challange\u0131n 1 kad\u0131n, 1 erkek kazanan\u0131 olacakt\u0131r.<\/li><li>Challenge kapsam\u0131nda olan aktivitler ko\u015fu veya kuvvet antrenman\u0131 olmak zorundad\u0131r.<\/li><li>8 Temmuz &#8211; 18 Temmuz tarihleri aras\u0131nda, g\u00fcnl\u00fck minimum 250 kalori yakma hedefi ile toplamda en \u00e7ok kalori yakan 2 ki\u015fi kazanacakt\u0131r.<\/li><li>8 Temmuz 00:00 \u2018dan ba\u015flayarak, 18 Temmuz 00:00\u2019da sona erecek.<\/li><li>Kat\u0131l\u0131mc\u0131lar kulland\u0131klar\u0131 uygulamadan ko\u015fu veya kuvvet antrenman\u0131 sonunda harcad\u0131klar\u0131 kaloriyi g\u00f6steren ekran g\u00f6r\u00fcnt\u00fcs\u00fcn\u00fc ve kendi fotolar\u0131n\u0131 hikayelerinde payla\u015farak\u00a0<a href=\"https:\/\/www.instagram.com\/rundamental\">@rundamental<\/a>\u00a0<a href=\"https:\/\/www.instagram.com\/redbulltr\">@redbulltr <\/a>ve #\u015eehreizinib\u0131rak hashtaglerini kullanacaklar.<\/li><li>RUNDAMENTAL payla\u015f\u0131lan hikayeleri repost edecek ve profilde highlight olarak sabitleyecek.<\/li><li>Kat\u0131lan t\u00fcm hesaplar\u0131n a\u00e7\u0131k hesap olmas\u0131 gerekmektedir.<\/li><li>Challenge sonunda ko\u015fu ve kuvvet antrenmanlar\u0131nda en \u00e7ok kalori harcayan 1 Kad\u0131n , 1 Erkek toplam 2 ki\u015fi Red Bull Shop\u2019tan harika bir hediye kazanacak.<\/li><\/ul>\n","protected":false},"excerpt":{"rendered":"<p>Bu challenge, en \u00e7ok kalori yakma hedefi \u00fczerine kurgulanm\u0131\u015ft\u0131r. Bu challange\u0131n 1 kad\u0131n, 1 erkek kazanan\u0131 olacakt\u0131r. Challenge kapsam\u0131nda olan aktivitler ko\u015fu veya kuvvet antrenman\u0131 olmak zorundad\u0131r. 8 Temmuz &#8211; 18 Temmuz tarihleri aras\u0131nda, g\u00fcnl\u00fck minimum 250 kalori yakma hedefi ile toplamda en \u00e7ok kalori yakan 2 ki\u015fi kazanacakt\u0131r. 8 Temmuz 00:00 \u2018dan ba\u015flayarak, 18 [&hellip;]<\/p>\n","protected":false},"author":147,"featured_media":5555668,"parent":0,"menu_order":0,"comment_status":"closed","ping_status":"closed","template":"","meta":{"footnotes":""},"class_list":["post-5555667","page","type-page","status-publish","has-post-thumbnail","hentry","wp-sticky"],"_links":{"self":[{"href":"https:\/\/www.rundamental.com\/en\/wp-json\/wp\/v2\/pages\/5555667","targetHints":{"allow":["GET"]}}],"collection":[{"href":"https:\/\/www.rundamental.com\/en\/wp-json\/wp\/v2\/pages"}],"about":[{"href":"https:\/\/www.rundamental.com\/en\/wp-json\/wp\/v2\/types\/page"}],"author":[{"embeddable":true,"href":"https:\/\/www.rundamental.com\/en\/wp-json\/wp\/v2\/users\/147"}],"replies":[{"embeddable":true,"href":"https:\/\/www.rundamental.com\/en\/wp-json\/wp\/v2\/comments?post=5555667"}],"version-history":[{"count":3,"href":"https:\/\/www.rundamental.com\/en\/wp-json\/wp\/v2\/pages\/5555667\/revisions"}],"predecessor-version":[{"id":5555678,"href":"https:\/\/www.rundamental.com\/en\/wp-json\/wp\/v2\/pages\/5555667\/revisions\/5555678"}],"wp:featuredmedia":[{"embeddable":true,"href":"https:\/\/www.rundamental.com\/en\/wp-json\/wp\/v2\/media\/5555668"}],"wp:attachment":[{"href":"https:\/\/www.rundamental.com\/en\/wp-json\/wp\/v2\/media?parent=5555667"}],"curies":[{"name":"wp","href":"https:\/\/api.w.org\/{rel}","templated":true}]}}