{"id":5544827,"date":"2021-06-14T15:43:03","date_gmt":"2021-06-14T12:43:03","guid":{"rendered":"https:\/\/rundamental.com\/?page_id=5544827"},"modified":"2021-06-14T15:43:03","modified_gmt":"2021-06-14T12:43:03","slug":"red-bull-challengers","status":"publish","type":"page","link":"https:\/\/www.rundamental.com\/en\/red-bull-challengers\/","title":{"rendered":"RED BULL CHALLENGERS"},"content":{"rendered":"\n<figure class=\"wp-block-image size-large\"><img decoding=\"async\" src=\"https:\/\/rundamental.com\/wp-content\/uploads\/2021\/06\/Image-from-iOS-18-1000x333.jpg\" \/><\/figure>\n\n\n\n<h2 class=\"wp-block-heading\">KURALLAR<\/h2>\n\n\n\n<ol class=\"wp-block-list\"><li><a href=\"http:\/\/redbull.com\/sehreizinibirak\"><strong>redbull.com\/sehreizinibirak<\/strong><\/a> sayfas\u0131na ge\u00e7i\u015f yap.<\/li><li>14-20 Haziran aras\u0131nda ko\u015fu, bisiklet veya y\u00fcr\u00fcy\u00fc\u015fe \u00e7\u0131k.<\/li><li>Aktiviteni mutlaka bir uygulama ile yap ve aktivite sonu uygulamadan alaca\u011f\u0131n ekran g\u00f6r\u00fcnt\u00fcs\u00fcn\u00fc <a href=\"http:\/\/redbull.com\/sehreizinibirak\">redbull.com\/sehreizinibirak<\/a> sayfas\u0131na y\u00fckle.<\/li><li>Storyde payla\u015faca\u011f\u0131m\u0131z form g\u00f6rselini doldur ve hikayende; @rundamental, @redbulltr ve #\u015eehre\u0130ziniB\u0131rak etiketleri ile payla\u015f.<\/li><li>\u0130stedi\u011fin kadar antrenman yap\u0131p, istedi\u011fin kadar y\u00fckleme yapabilirsin, \u015fans\u0131n artar.<\/li><li>Kazanan ki\u015fi \u00f6zel j\u00fcrimiz taraf\u0131ndan se\u00e7ilecek. J\u00fcriyi \u00f6n\u00fcm\u00fczdeki g\u00fcnlerde a\u00e7\u0131klayaca\u011f\u0131z.<\/li><li>Kazanan ki\u015fiyei 26 Haziran Cumartesi g\u00fcn\u00fc canl\u0131 yay\u0131nda a\u00e7\u0131klayaca\u011f\u0131z.<\/li><li>RUNDAMENTAL grup aktivitelerine kat\u0131larak challenge&#8217;\u0131 daha e\u011flenceli h\u00e2le getirebilirsin.<\/li><li>Instagram hesab\u0131n kapal\u0131ysa bize ister DM&#8217;den, ister mail ile ula\u015fabilirsin.<\/li><\/ol>\n","protected":false},"excerpt":{"rendered":"<p>KURALLAR redbull.com\/sehreizinibirak sayfas\u0131na ge\u00e7i\u015f yap. 14-20 Haziran aras\u0131nda ko\u015fu, bisiklet veya y\u00fcr\u00fcy\u00fc\u015fe \u00e7\u0131k. Aktiviteni mutlaka bir uygulama ile yap ve aktivite sonu uygulamadan alaca\u011f\u0131n ekran g\u00f6r\u00fcnt\u00fcs\u00fcn\u00fc redbull.com\/sehreizinibirak sayfas\u0131na y\u00fckle. Storyde payla\u015faca\u011f\u0131m\u0131z form g\u00f6rselini doldur ve hikayende; @rundamental, @redbulltr ve #\u015eehre\u0130ziniB\u0131rak etiketleri ile payla\u015f. \u0130stedi\u011fin kadar antrenman yap\u0131p, istedi\u011fin kadar y\u00fckleme yapabilirsin, \u015fans\u0131n artar. Kazanan ki\u015fi [&hellip;]<\/p>\n","protected":false},"author":147,"featured_media":5544828,"parent":0,"menu_order":0,"comment_status":"closed","ping_status":"closed","template":"","meta":{"footnotes":""},"class_list":["post-5544827","page","type-page","status-publish","has-post-thumbnail","hentry","wp-sticky"],"_links":{"self":[{"href":"https:\/\/www.rundamental.com\/en\/wp-json\/wp\/v2\/pages\/5544827","targetHints":{"allow":["GET"]}}],"collection":[{"href":"https:\/\/www.rundamental.com\/en\/wp-json\/wp\/v2\/pages"}],"about":[{"href":"https:\/\/www.rundamental.com\/en\/wp-json\/wp\/v2\/types\/page"}],"author":[{"embeddable":true,"href":"https:\/\/www.rundamental.com\/en\/wp-json\/wp\/v2\/users\/147"}],"replies":[{"embeddable":true,"href":"https:\/\/www.rundamental.com\/en\/wp-json\/wp\/v2\/comments?post=5544827"}],"version-history":[{"count":1,"href":"https:\/\/www.rundamental.com\/en\/wp-json\/wp\/v2\/pages\/5544827\/revisions"}],"predecessor-version":[{"id":5544830,"href":"https:\/\/www.rundamental.com\/en\/wp-json\/wp\/v2\/pages\/5544827\/revisions\/5544830"}],"wp:featuredmedia":[{"embeddable":true,"href":"https:\/\/www.rundamental.com\/en\/wp-json\/wp\/v2\/media\/5544828"}],"wp:attachment":[{"href":"https:\/\/www.rundamental.com\/en\/wp-json\/wp\/v2\/media?parent=5544827"}],"curies":[{"name":"wp","href":"https:\/\/api.w.org\/{rel}","templated":true}]}}