{"id":5543183,"date":"2021-05-01T10:47:11","date_gmt":"2021-05-01T07:47:11","guid":{"rendered":"https:\/\/rundamental.com\/?page_id=5543183"},"modified":"2021-09-06T11:13:57","modified_gmt":"2021-09-06T08:13:57","slug":"rdm-loyalty-challenge","status":"publish","type":"page","link":"https:\/\/www.rundamental.com\/en\/rdm-loyalty-challenge\/","title":{"rendered":""},"content":{"rendered":"\n<h2 class=\"wp-block-heading\">&nbsp;<\/h2>\n\n\n\n<div class=\"wp-block-group\"><div class=\"wp-block-group__inner-container is-layout-flow wp-block-group-is-layout-flow\"><\/div><\/div>\n\n\n\n<figure class=\"wp-block-gallery columns-2 is-cropped wp-block-gallery-1 is-layout-flex wp-block-gallery-is-layout-flex\"><ul class=\"blocks-gallery-grid\"><li class=\"blocks-gallery-item\"><figure><img decoding=\"async\" src=\"https:\/\/rundamental.com\/wp-content\/uploads\/2021\/09\/Image-from-iOS-13-500x500.jpg\" \/><figcaption class=\"blocks-gallery-item__caption\">Oktay G\u00fcne\u015f<\/figcaption><\/figure><\/li><li class=\"blocks-gallery-item\"><figure><img decoding=\"async\" src=\"https:\/\/rundamental.com\/wp-content\/uploads\/2021\/09\/Image-from-iOS-14-500x500.jpg\" \/><figcaption class=\"blocks-gallery-item__caption\">Simay Ate\u015f<\/figcaption><\/figure><\/li><\/ul><\/figure>\n\n\n\n<ol class=\"wp-block-list\" id=\"block-112b1ae4-ca09-41d2-9c2e-c68cd5d4a4ba\"><li><strong>RDM Loyalty Challenge x KEND\u0130NE HAS<\/strong> herkese a\u00e7\u0131k ve \u00fccretsizdir.<\/li><li>1-30 Eyl\u00fcl tarihleri aras\u0131nda; t\u00fcm duyurulan ve anl\u0131k duyurulan UNEXPECTED RUNDAMENTAL antrenmanlar\u0131na kat\u0131lm\u0131\u015f olmak gereklidir.<\/li><li>Antrenmanlar\u00a0hem offline hem de online olabilir.<\/li><li>Antrenman duyurular\u0131 <strong>RUNDAMENTAL <\/strong>Instagram, Facebook hesab\u0131ndan ve haftal\u0131k program g\u00f6nderimi ile yap\u0131lacakt\u0131r. Anl\u0131k duyurular i\u00e7in sosyal medya hesaplar\u0131m\u0131z\u0131 takip edin.<\/li><li>S\u0131ralama\u00a0<a rel=\"noreferrer noopener\" target=\"_blank\" href=\"http:\/\/www.rundamental.com\/\">http:\/\/www.rundamental.com<\/a>\u00a0Loyalty sayfas\u0131nda her antrenman sonras\u0131 g\u00fcncellenecektir.<\/li><li>Challenge sonunda birinci olan iki ki\u015fiye KEND\u0130NE HAS\u2019tan b\u00fcy\u00fck bir s\u00fcrpriz \u00f6d\u00fcl verilecektir.<\/li><li>Kazanan ki\u015filer RUNDAMENTAL Instagram hesab\u0131ndan 1 Ekim g\u00fcn\u00fc duyurulacakt\u0131r.<\/li><\/ol>\n","protected":false},"excerpt":{"rendered":"<p>&nbsp; RDM Loyalty Challenge x KEND\u0130NE HAS herkese a\u00e7\u0131k ve \u00fccretsizdir. 1-30 Eyl\u00fcl tarihleri aras\u0131nda; t\u00fcm duyurulan ve anl\u0131k duyurulan UNEXPECTED RUNDAMENTAL antrenmanlar\u0131na kat\u0131lm\u0131\u015f olmak gereklidir. Antrenmanlar\u00a0hem offline hem de online olabilir. Antrenman duyurular\u0131 RUNDAMENTAL Instagram, Facebook hesab\u0131ndan ve haftal\u0131k program g\u00f6nderimi ile yap\u0131lacakt\u0131r. Anl\u0131k duyurular i\u00e7in sosyal medya hesaplar\u0131m\u0131z\u0131 takip edin. S\u0131ralama\u00a0http:\/\/www.rundamental.com\u00a0Loyalty sayfas\u0131nda her [&hellip;]<\/p>\n","protected":false},"author":147,"featured_media":5546886,"parent":0,"menu_order":0,"comment_status":"closed","ping_status":"closed","template":"","meta":{"footnotes":""},"class_list":["post-5543183","page","type-page","status-publish","has-post-thumbnail","hentry","wp-sticky"],"_links":{"self":[{"href":"https:\/\/www.rundamental.com\/en\/wp-json\/wp\/v2\/pages\/5543183","targetHints":{"allow":["GET"]}}],"collection":[{"href":"https:\/\/www.rundamental.com\/en\/wp-json\/wp\/v2\/pages"}],"about":[{"href":"https:\/\/www.rundamental.com\/en\/wp-json\/wp\/v2\/types\/page"}],"author":[{"embeddable":true,"href":"https:\/\/www.rundamental.com\/en\/wp-json\/wp\/v2\/users\/147"}],"replies":[{"embeddable":true,"href":"https:\/\/www.rundamental.com\/en\/wp-json\/wp\/v2\/comments?post=5543183"}],"version-history":[{"count":16,"href":"https:\/\/www.rundamental.com\/en\/wp-json\/wp\/v2\/pages\/5543183\/revisions"}],"predecessor-version":[{"id":5546887,"href":"https:\/\/www.rundamental.com\/en\/wp-json\/wp\/v2\/pages\/5543183\/revisions\/5546887"}],"wp:featuredmedia":[{"embeddable":true,"href":"https:\/\/www.rundamental.com\/en\/wp-json\/wp\/v2\/media\/5546886"}],"wp:attachment":[{"href":"https:\/\/www.rundamental.com\/en\/wp-json\/wp\/v2\/media?parent=5543183"}],"curies":[{"name":"wp","href":"https:\/\/api.w.org\/{rel}","templated":true}]}}