{"id":5504841,"date":"2018-10-27T01:28:47","date_gmt":"2018-10-26T22:28:47","guid":{"rendered":"http:\/\/rundamental.com\/?page_id=5504841"},"modified":"2018-10-27T03:11:35","modified_gmt":"2018-10-27T00:11:35","slug":"penthouse","status":"publish","type":"page","link":"https:\/\/www.rundamental.com\/en\/penthouse\/","title":{"rendered":"PENTHOUSE"},"content":{"rendered":"<p><img decoding=\"async\" src=\"http:\/\/rundamental.com\/wp-content\/uploads\/2018\/10\/gatherupforrunandfunq3-1-1000x1000.jpg\" class=\"aligncenter size-large\" \/><\/p>\n<h1 class=\"text-center\">HAR\u0130TA<\/h1>\n<p class=\"text-center\">5 istasyonda g\u00f6revleri tamamla, anahtarl\u0131klar\u0131 topla ve Penthouse&#8217;da partile!<\/p>\n<div class=\"mapOverlay\">\n    <iframe loading=\"lazy\" class=\"map\" frameborder=\"0\" src=\"https:\/\/www.google.com\/maps\/d\/u\/0\/embed?mid=1zVqJLHRmPM89V0wIFP8s1dBkdsXvVPj4\" width=\"100%\" height=\"480\"><\/iframe>\n<\/div>\n<div class=\"black\">\n<h1 class=\"text-center\">PENTHOUSE<\/h1>\n<p><img decoding=\"async\" src=\"http:\/\/rundamental.com\/wp-content\/uploads\/2018\/10\/penthouse.jpg\" class=\"aligncenter size-full\" \/><\/p>\n<p class=\"text-center\">Maceran\u0131n ba\u015flad\u0131\u011f\u0131 eve ho\u015fgeldin! \u0130stasyonlara do\u011fru yola \u00e7\u0131kmaya haz\u0131r m\u0131s\u0131n?<\/p>\n<hr \/>\n<h1 class=\"text-center\">STATION: 1<\/h1>\n<div class=\"large-6 small-6 columns\"><img decoding=\"async\" src=\"http:\/\/rundamental.com\/wp-content\/uploads\/2018\/10\/pinar.jpg\" class=\"aligncenter size-full\" \/><\/div>\n<div class=\"large-6 small-6 columns\"><img decoding=\"async\" src=\"http:\/\/rundamental.com\/wp-content\/uploads\/2018\/10\/umuthan.jpg\" class=\"aligncenter size-full\" \/><\/div>\n<p class=\"text-center\">Bu istasyonda seni P\u0131nar ve Umuthan bekliyor.<\/p>\n<p><img decoding=\"async\" src=\"http:\/\/rundamental.com\/wp-content\/uploads\/2018\/10\/station1.jpg\" class=\"aligncenter size-full\" \/><\/p>\n<p class=\"text-center\">P\u0131nar ve Umuthan&#8217;\u0131n g\u00f6sterdi\u011fi hareketi yap, ilk anahtarl\u0131\u011f\u0131 kap ve di\u011fer istasyona do\u011fru yola \u00e7\u0131k!<\/p>\n<hr \/>\n<h1 class=\"text-center\">STATION: 2<\/h1>\n<div class=\"large-6 small-6 columns\"><img decoding=\"async\" src=\"http:\/\/rundamental.com\/wp-content\/uploads\/2018\/10\/bengisu.jpg\" class=\"aligncenter size-full\" \/><\/div>\n<div class=\"large-6 small-6 columns\"><img decoding=\"async\" src=\"http:\/\/rundamental.com\/wp-content\/uploads\/2018\/10\/melis.jpg\" class=\"aligncenter size-full\" \/><\/div>\n<p class=\"text-center\">Bu istasyonda seni Bengisu ve Melis bekliyor.<\/p>\n<p><img decoding=\"async\" src=\"http:\/\/rundamental.com\/wp-content\/uploads\/2018\/10\/station2.jpg\" class=\"aligncenter size-full\" \/><\/p>\n<p class=\"text-center\">Bengisu ve Melis&#8217;in g\u00f6sterdi\u011fi hareketi yap, anahtarl\u0131\u011f\u0131 kap ve di\u011fer istasyona do\u011fru yola \u00e7\u0131k!<\/p>\n<hr \/>\n<h1 class=\"text-center\">STATION: 3<\/h1>\n<div class=\"large-6 small-6 columns\"><img decoding=\"async\" src=\"http:\/\/rundamental.com\/wp-content\/uploads\/2018\/10\/serdar.jpg\" class=\"aligncenter size-full\" \/><\/div>\n<div class=\"large-6 small-6 columns\"><img decoding=\"async\" src=\"http:\/\/rundamental.com\/wp-content\/uploads\/2018\/10\/gokce.jpg\" class=\"aligncenter size-full\" \/><\/div>\n<p class=\"text-center\">Bu istasyonda seni Serdar ve G\u00f6k\u00e7e bekliyor.<\/p>\n<p><img decoding=\"async\" src=\"http:\/\/rundamental.com\/wp-content\/uploads\/2018\/10\/station3.jpg\" class=\"aligncenter size-full\" \/><\/p>\n<p class=\"text-center\">Serdar ve G\u00f6k\u00e7e&#8217;nin g\u00f6sterdi\u011fi hareketi yap, anahtarl\u0131\u011f\u0131 kap ve di\u011fer istasyona do\u011fru yola \u00e7\u0131k!<\/p>\n<hr \/>\n<h1 class=\"text-center\">STATION: 4<\/h1>\n<div class=\"large-6 small-6 columns\"><img decoding=\"async\" src=\"http:\/\/rundamental.com\/wp-content\/uploads\/2018\/10\/levent.jpg\" class=\"aligncenter size-full\" \/><\/div>\n<div class=\"large-6 small-6 columns\"><img decoding=\"async\" src=\"http:\/\/rundamental.com\/wp-content\/uploads\/2018\/10\/serkan.jpg\" class=\"aligncenter size-full\" \/><\/div>\n<p class=\"text-center\">Bu istasyonda seni Levent ve Serkan bekliyor.<\/p>\n<p><img decoding=\"async\" src=\"http:\/\/rundamental.com\/wp-content\/uploads\/2018\/10\/station4.jpg\" class=\"aligncenter size-full\" \/><\/p>\n<p class=\"text-center\">Levent ve Serkan&#8217;\u0131n g\u00f6sterdi\u011fi hareketi yap, anahtarl\u0131\u011f\u0131 kap ve di\u011fer istasyona do\u011fru yola \u00e7\u0131k!<\/p>\n<hr \/>\n<h1 class=\"text-center\">STATION: 5<\/h1>\n<div class=\"large-6 small-6 columns\"><img decoding=\"async\" src=\"http:\/\/rundamental.com\/wp-content\/uploads\/2018\/10\/nilay.jpg\" class=\"aligncenter size-full\" \/><\/div>\n<div class=\"large-6 small-6 columns\"><img decoding=\"async\" src=\"http:\/\/rundamental.com\/wp-content\/uploads\/2018\/10\/nilgun.jpg\" class=\"aligncenter size-full\" \/><\/div>\n<p class=\"text-center\">Bu istasyonda seni Nilay ve Nilg\u00fcn bekliyor.<\/p>\n<p><img decoding=\"async\" src=\"http:\/\/rundamental.com\/wp-content\/uploads\/2018\/10\/station5.jpg\" class=\"aligncenter size-full\" \/><\/p>\n<p class=\"text-center\">Nilay ve Nilg\u00fcn&#8217;\u00fcn g\u00f6sterdi\u011fi hareketi yap, anahtarl\u0131\u011f\u0131 kap ve di\u011fer istasyona do\u011fru yola \u00e7\u0131k!<\/p>\n<hr \/>\n<p class=\"text-center\">T\u00fcm anahtarl\u0131klar\u0131 toplad\u0131ysan eve geri d\u00f6n. Seni muhte\u015fem bir parti ve bir s\u00fcr\u00fc s\u00fcrpriz bekliyor!<\/p>\n<p><img decoding=\"async\" src=\"http:\/\/rundamental.com\/wp-content\/uploads\/2018\/10\/penthouse.jpg\" class=\"aligncenter size-full\" \/>\n<\/div>\n","protected":false},"excerpt":{"rendered":"<p>HAR\u0130TA 5 istasyonda g\u00f6revleri tamamla, anahtarl\u0131klar\u0131 topla ve Penthouse&#8217;da partile! PENTHOUSE Maceran\u0131n ba\u015flad\u0131\u011f\u0131 eve ho\u015fgeldin! \u0130stasyonlara do\u011fru yola \u00e7\u0131kmaya haz\u0131r m\u0131s\u0131n? STATION: 1 Bu istasyonda seni P\u0131nar ve Umuthan bekliyor. P\u0131nar ve Umuthan&#8217;\u0131n g\u00f6sterdi\u011fi hareketi yap, ilk anahtarl\u0131\u011f\u0131 kap ve di\u011fer istasyona do\u011fru yola \u00e7\u0131k! STATION: 2 Bu istasyonda seni Bengisu ve Melis bekliyor. Bengisu [&hellip;]<\/p>\n","protected":false},"author":1,"featured_media":5504707,"parent":0,"menu_order":0,"comment_status":"closed","ping_status":"closed","template":"","meta":{"footnotes":""},"class_list":["post-5504841","page","type-page","status-publish","has-post-thumbnail","hentry","wp-sticky"],"_links":{"self":[{"href":"https:\/\/www.rundamental.com\/en\/wp-json\/wp\/v2\/pages\/5504841","targetHints":{"allow":["GET"]}}],"collection":[{"href":"https:\/\/www.rundamental.com\/en\/wp-json\/wp\/v2\/pages"}],"about":[{"href":"https:\/\/www.rundamental.com\/en\/wp-json\/wp\/v2\/types\/page"}],"author":[{"embeddable":true,"href":"https:\/\/www.rundamental.com\/en\/wp-json\/wp\/v2\/users\/1"}],"replies":[{"embeddable":true,"href":"https:\/\/www.rundamental.com\/en\/wp-json\/wp\/v2\/comments?post=5504841"}],"version-history":[{"count":0,"href":"https:\/\/www.rundamental.com\/en\/wp-json\/wp\/v2\/pages\/5504841\/revisions"}],"wp:featuredmedia":[{"embeddable":true,"href":"https:\/\/www.rundamental.com\/en\/wp-json\/wp\/v2\/media\/5504707"}],"wp:attachment":[{"href":"https:\/\/www.rundamental.com\/en\/wp-json\/wp\/v2\/media?parent=5504841"}],"curies":[{"name":"wp","href":"https:\/\/api.w.org\/{rel}","templated":true}]}}