{"id":5493234,"date":"2018-04-02T13:20:54","date_gmt":"2018-04-02T10:20:54","guid":{"rendered":"http:\/\/rundamental.com\/?page_id=5493234"},"modified":"2018-11-05T12:55:19","modified_gmt":"2018-11-05T10:55:19","slug":"loyalty-winners","status":"publish","type":"page","link":"https:\/\/www.rundamental.com\/en\/plantronics\/loyalty-winners\/","title":{"rendered":"WINNERS"},"content":{"rendered":"<p><\/p>\n<div class=\"large-4 small-12 columns\">\n<h3 class=\"text-center\">1 &#8211; 31 October 2018<\/h3>\n<p><img decoding=\"async\" src=\"http:\/\/rundamental.com\/wp-content\/uploads\/2018\/11\/loyaltywinner_oct.jpg\" alt=\"Plantronics October Winner - Furkan Kaplan\" class=\"alignnone size-large\" \/><\/div>\n<div class=\"large-4 small-12 columns\">\n<h3 class=\"text-center\">1 &#8211; 30 September 2018<\/h3>\n<p><img decoding=\"async\" src=\"http:\/\/rundamental.com\/wp-content\/uploads\/2018\/11\/loyaltywinner_sep.jpg\" alt=\"Plantronics September Winner - Ali \u00d6zen\" class=\"alignnone size-large\" \/><\/div>\n<div class=\"large-4 small-12 columns\">\n<h3 class=\"text-center\">1 &#8211; 31 August 2018<\/h3>\n<p><img decoding=\"async\" src=\"http:\/\/rundamental.com\/wp-content\/uploads\/2018\/11\/loyaltywinner_aug.jpg\" alt=\"Plantronics August Winner - \u00c7i\u011fdem Engin\" class=\"alignnone size-large\" \/><\/div>\n<div class=\"large-4 small-12 columns\">\n<h3 class=\"text-center\">1 &#8211; 31 July 2018<\/h3>\n<p><img decoding=\"async\" src=\"http:\/\/rundamental.com\/wp-content\/uploads\/2018\/11\/loyaltywinner_july.jpg\" alt=\"Plantronics July Winner - Duygu Ezer\" class=\"alignnone size-large\" \/><\/div>\n<div class=\"large-4 small-12 columns\">\n<h3 class=\"text-center\">1 &#8211; 31 June 2018<\/h3>\n<p><img decoding=\"async\" src=\"http:\/\/rundamental.com\/wp-content\/uploads\/2018\/07\/loyaltywinner_june.jpg\" alt=\"Plantronics June Winner - Nesrin Deveci\" class=\"alignnone size-large\" \/><\/div>\n<div class=\"large-4 small-12 columns\">\n<h3 class=\"text-center\">1 &#8211; 31 May 2018<\/h3>\n<p><img decoding=\"async\" src=\"http:\/\/rundamental.com\/wp-content\/uploads\/2018\/07\/loyaltywinner_mayis.jpg\" alt=\"Plantronics May Winner - Deniz Y\u0131ld\u0131r\u0131m\" class=\"alignnone size-large\" \/><\/div>\n<div class=\"large-4 small-12 columns\">\n<h3 class=\"text-center\">1 &#8211; 30 April 2018<\/h3>\n<p><img decoding=\"async\" src=\"http:\/\/rundamental.com\/wp-content\/uploads\/2018\/05\/loyaltywinner_nisan.jpg\" alt=\"Plantronics Nisan Kazanan\u0131 - Nilay \u00d6zmen\" class=\"alignnone size-large\" \/><\/div>\n<div class=\"large-4 small-12 columns end\">\n<h3 class=\"text-center\">5 &#8211; 31 March 2018<\/h3>\n<p><img decoding=\"async\" src=\"http:\/\/rundamental.com\/wp-content\/uploads\/2018\/04\/loyaltywinner_mart.jpg\" alt=\"Plantronics March Winners - Burcu Koro\u011flu & Melis Mezgen\" class=\"alignnone size-large\" \/><\/div>\n<p><\/p>","protected":false},"excerpt":{"rendered":"<p>1 &#8211; 31 October 2018 1 &#8211; 30 September 2018 1 &#8211; 31 August 2018 1 &#8211; 31 July 2018 1 &#8211; 31 June 2018 1 &#8211; 31 May 2018 1 &#8211; 30 April 2018 5 &#8211; 31 March 2018<\/p>\n","protected":false},"author":1,"featured_media":5491442,"parent":551794,"menu_order":0,"comment_status":"closed","ping_status":"closed","template":"","meta":{"footnotes":""},"class_list":["post-5493234","page","type-page","status-publish","has-post-thumbnail","hentry","wp-sticky"],"_links":{"self":[{"href":"https:\/\/www.rundamental.com\/en\/wp-json\/wp\/v2\/pages\/5493234","targetHints":{"allow":["GET"]}}],"collection":[{"href":"https:\/\/www.rundamental.com\/en\/wp-json\/wp\/v2\/pages"}],"about":[{"href":"https:\/\/www.rundamental.com\/en\/wp-json\/wp\/v2\/types\/page"}],"author":[{"embeddable":true,"href":"https:\/\/www.rundamental.com\/en\/wp-json\/wp\/v2\/users\/1"}],"replies":[{"embeddable":true,"href":"https:\/\/www.rundamental.com\/en\/wp-json\/wp\/v2\/comments?post=5493234"}],"version-history":[{"count":0,"href":"https:\/\/www.rundamental.com\/en\/wp-json\/wp\/v2\/pages\/5493234\/revisions"}],"up":[{"embeddable":true,"href":"https:\/\/www.rundamental.com\/en\/wp-json\/wp\/v2\/pages\/551794"}],"wp:featuredmedia":[{"embeddable":true,"href":"https:\/\/www.rundamental.com\/en\/wp-json\/wp\/v2\/media\/5491442"}],"wp:attachment":[{"href":"https:\/\/www.rundamental.com\/en\/wp-json\/wp\/v2\/media?parent=5493234"}],"curies":[{"name":"wp","href":"https:\/\/api.w.org\/{rel}","templated":true}]}}