{"id":1048197,"date":"2016-04-30T22:03:17","date_gmt":"2016-04-30T19:03:17","guid":{"rendered":"http:\/\/rundamental.com\/?page_id=1048197"},"modified":"2018-04-02T13:20:33","modified_gmt":"2018-04-02T10:20:33","slug":"kazananlar","status":"publish","type":"page","link":"https:\/\/www.rundamental.com\/en\/plantronics\/winners\/","title":{"rendered":"WINNERS"},"content":{"rendered":"<p><\/p>\n<h3 class=\"text-center\">13- 30 April 2016<\/h3>\n<p><img decoding=\"async\" src=\"http:\/\/rundamental.com\/wp-content\/uploads\/2016\/04\/1330NisanWinner.png\" alt=\"Plantronics Apr Winner - Serdar Y\u0131lmaz\" class=\"alignnone size-large\" \/><\/p>\n<h3 class=\"text-center\">1 &#8211; 31 May 2016<\/h3>\n<p><img decoding=\"async\" src=\"http:\/\/rundamental.com\/wp-content\/uploads\/2016\/04\/plantronics_may.png\" alt=\"Plantronics May Winner - Ferhat Kaya\" class=\"alignnone size-large\" \/><\/p>\n<h3 class=\"text-center\">1 &#8211; 30 Jun 2016<\/h3>\n<p><img decoding=\"async\" src=\"http:\/\/rundamental.com\/wp-content\/uploads\/2016\/04\/plantronics_jun.png\" alt=\"Plantronics June Winner - Selma Ero\u011flu\" class=\"alignnone size-large\" \/><\/p>\n<h3 class=\"text-center\">1 &#8211; 31 Jul 2016<\/h3>\n<p><img decoding=\"async\" src=\"http:\/\/rundamental.com\/wp-content\/uploads\/2016\/04\/plantronics_winners_july.png\" alt=\"Plantronics July Winner - Necdet \u00dclker\" class=\"aligncenter size-full\" \/><\/p>\n<h3 class=\"text-center\">1 &#8211; 31 Aug 2016<\/h3>\n<p><img decoding=\"async\" src=\"http:\/\/rundamental.com\/wp-content\/uploads\/2016\/04\/plantronics_winners_august.png\" alt=\"Plantronics August Winner - L\u00fctf\u00fc Bilen\" class=\"aligncenter size-full\" \/><\/p>\n<h3 class=\"text-center\">1 &#8211; 30 Sep 2016<\/h3>\n<p><img decoding=\"async\" src=\"http:\/\/rundamental.com\/wp-content\/uploads\/2016\/04\/plantronics_winners_september.png\" alt=\"Plantronics September Winner - Y\u0131lmaz Atamer\" class=\"aligncenter size-full\" \/><\/p>\n<h3 class=\"text-center\">1 &#8211; 31 Oct 2016<\/h3>\n<p><img decoding=\"async\" src=\"http:\/\/rundamental.com\/wp-content\/uploads\/2016\/04\/plantronics_winners_october.png\" alt=\"Plantronics October Winner - \u0130brahim Koyun\" class=\"aligncenter size-full\" \/><\/p>\n<h3 class=\"text-center\">1 &#8211; 30 Nov 2016<\/h3>\n<p><img decoding=\"async\" src=\"http:\/\/rundamental.com\/wp-content\/uploads\/2016\/04\/plantronics_winners_november.png\" alt=\"Plantronics November Winner - \u00d6zge \u00d6z\u00e7ep\" class=\"aligncenter size-full\" \/><\/p>","protected":false},"excerpt":{"rendered":"<p>13- 30 April 2016 1 &#8211; 31 May 2016 1 &#8211; 30 Jun 2016 1 &#8211; 31 Jul 2016 1 &#8211; 31 Aug 2016 1 &#8211; 30 Sep 2016 1 &#8211; 31 Oct 2016 1 &#8211; 30 Nov 2016<\/p>\n","protected":false},"author":1,"featured_media":596589,"parent":551794,"menu_order":0,"comment_status":"closed","ping_status":"closed","template":"","meta":{"footnotes":""},"class_list":["post-1048197","page","type-page","status-publish","has-post-thumbnail","hentry","wp-sticky"],"_links":{"self":[{"href":"https:\/\/www.rundamental.com\/en\/wp-json\/wp\/v2\/pages\/1048197","targetHints":{"allow":["GET"]}}],"collection":[{"href":"https:\/\/www.rundamental.com\/en\/wp-json\/wp\/v2\/pages"}],"about":[{"href":"https:\/\/www.rundamental.com\/en\/wp-json\/wp\/v2\/types\/page"}],"author":[{"embeddable":true,"href":"https:\/\/www.rundamental.com\/en\/wp-json\/wp\/v2\/users\/1"}],"replies":[{"embeddable":true,"href":"https:\/\/www.rundamental.com\/en\/wp-json\/wp\/v2\/comments?post=1048197"}],"version-history":[{"count":0,"href":"https:\/\/www.rundamental.com\/en\/wp-json\/wp\/v2\/pages\/1048197\/revisions"}],"up":[{"embeddable":true,"href":"https:\/\/www.rundamental.com\/en\/wp-json\/wp\/v2\/pages\/551794"}],"wp:featuredmedia":[{"embeddable":true,"href":"https:\/\/www.rundamental.com\/en\/wp-json\/wp\/v2\/media\/596589"}],"wp:attachment":[{"href":"https:\/\/www.rundamental.com\/en\/wp-json\/wp\/v2\/media?parent=1048197"}],"curies":[{"name":"wp","href":"https:\/\/api.w.org\/{rel}","templated":true}]}}